{"id":238267,"date":"2023-09-21T08:28:07","date_gmt":"2023-09-21T08:28:07","guid":{"rendered":"http:\/\/porc-ex.dk\/?page_id=238267"},"modified":"2023-09-22T08:17:37","modified_gmt":"2023-09-22T08:17:37","slug":"sms-service","status":"publish","type":"page","link":"https:\/\/porc-ex.dk\/de\/sms-service\/","title":{"rendered":"SMS-Dienst"},"content":{"rendered":"<p>[et_pb_section fb_built=&#8221;1&#8243; custom_padding_last_edited=&#8221;on|desktop&#8221; _builder_version=&#8221;4.22.2&#8243; _module_preset=&#8221;default&#8221; background_color=&#8221;#fafafa&#8221; background_image=&#8221;http:\/\/porc-ex.dk\/wp-content\/uploads\/2023\/09\/LangRaekke.jpg&#8221; background_enable_video_mp4=&#8221;off&#8221; custom_margin=&#8221;0px||0px||false|false&#8221; custom_padding=&#8221;90px||90px||true|false&#8221; custom_padding_tablet=&#8221;90px||90px||true|false&#8221; custom_padding_phone=&#8221;90px||90px||true|false&#8221; custom_css_before=&#8221;content:%22%22;||    display: block;||    position: absolute;||    top: 0;||    left: 0;||    width: 100%;||    height: 100%;||    background-color: rgba(0,0,0,0.3);||    z-index: 9;&#8221; da_disable_devices=&#8221;off|off|off&#8221; locked=&#8221;off&#8221; global_colors_info=&#8221;{}&#8221; da_is_popup=&#8221;off&#8221; da_exit_intent=&#8221;off&#8221; da_has_close=&#8221;on&#8221; da_alt_close=&#8221;off&#8221; da_dark_close=&#8221;off&#8221; da_not_modal=&#8221;on&#8221; da_is_singular=&#8221;off&#8221; da_with_loader=&#8221;off&#8221; da_has_shadow=&#8221;on&#8221;][et_pb_row make_equal=&#8221;on&#8221; custom_padding_last_edited=&#8221;off|phone&#8221; _builder_version=&#8221;4.19.5&#8243; _module_preset=&#8221;default&#8221; z_index=&#8221;10&#8243; width=&#8221;90%&#8221; max_width=&#8221;90%&#8221; custom_margin=&#8221;0px||0px||false|false&#8221; custom_padding=&#8221;0px||0px||true|false&#8221; custom_padding_tablet=&#8221;48px||48px||false|false&#8221; custom_padding_phone=&#8221;36px||39px||false|false&#8221; border_color_top=&#8221;#433d39&#8243; border_color_bottom=&#8221;#433d39&#8243; global_colors_info=&#8221;{}&#8221;][et_pb_column type=&#8221;4_4&#8243; _builder_version=&#8221;4.19.5&#8243; _module_preset=&#8221;default&#8221; position_origin_a=&#8221;center_right&#8221; custom_padding=&#8221;||||false|false&#8221; custom_padding_tablet=&#8221;0px|40px||40px|false|false&#8221; custom_padding_phone=&#8221;|0px||0px|false|true&#8221; custom_padding_last_edited=&#8221;off|tablet&#8221; global_colors_info=&#8221;{}&#8221;][et_pb_text module_class=&#8221;subheadtext&#8221; _builder_version=&#8221;4.22.2&#8243; _module_preset=&#8221;default&#8221; text_font=&#8221;Raleway|600||on|||||&#8221; text_text_color=&#8221;#FFFFFF&#8221; text_font_size=&#8221;18px&#8221; text_letter_spacing=&#8221;2px&#8221; text_line_height=&#8221;1.2em&#8221; header_4_font=&#8221;Catamaran|700|||||||&#8221; header_4_text_align=&#8221;left&#8221; header_4_text_color=&#8221;#f6642c&#8221; custom_margin=&#8221;0px||15px||false|false&#8221; custom_padding=&#8221;0px||0px||false|false&#8221; animation_direction=&#8221;right&#8221; text_font_size_tablet=&#8221;18px&#8221; text_font_size_phone=&#8221;16px&#8221; text_font_size_last_edited=&#8221;on|desktop&#8221; locked=&#8221;off&#8221; global_colors_info=&#8221;{}&#8221;]<\/p>\n<p><span>NEUIGKEITEN UND GESUCHT<\/span><\/p>\n<p>[\/et_pb_text][et_pb_text _builder_version=\u201c4.22.2\u2033 _module_preset=\u201cdefault\u201c text_font=\u201c|700|||||||\u201c text_text_color=\u201c#FFFFFF\u201c header_font=\u201c|||||||||\u201c header_text_align=\u201cleft\u201c header_text_color=\u201c#FFFFFF\u201c header_font_size=\u201c64px\u201c header_line_height=\u201c1.2em\u201c header_2_font=\u201cRaleway|700||on|||||\u201c header_2_text_align=\u201cleft\u201c header_2_text_color=\u201c#010706\u2033 header_2_font_size=\u201c64px\u201c custom_margin=\u201c0px||20px||false|false\u201c custom_margin_tablet=\u201c||20px||false|false\u201c custom_margin_phone=\u201c0px||10px||false |false\u201c custom_margin_last_edited=\u201coff|desktop\u201c custom_padding=\u201c0px||0px||false|false\u201c animation_direction=\u201cright\u201c header_font_size_tablet=\u201c48px\u201c header_font_size_phone=\u201c32px\u201c header_font_size_last_edited=\u201con|desktop\u201c header_font_size_tablet=\u201c78px\u201c header_2_font_size_phone=\u201c45px\u201c header_2_font_size_last_edited=\u201con|phone\u201c Locked=\u201coff\u201c global_colors_info=\u201c{}\u201c]<\/p>\n<h1>SMS-Dienst<\/h1>\n<p>[\/et_pb_text][\/et_pb_column][\/et_pb_row][\/et_pb_section][et_pb_section fb_built=\u201c1\u2033 invalid_on=\u201con|on|off\u201c _builder_version=\u201c4.22.1\u201c _module_preset=\u201cdefault\u201c background_color=\u201c#0B7BB0\u2033 custom_margin =\u201c0px||0px||true|false\u201c custom_padding=\u201c0px||0px||true|false\u201c sticky_position=\u201ctop\u201c sticky_position_tablet=\u201cnone\u201c sticky_position_phone=\u201cnone\u201c sticky_position_last_edited=\u201con|desktop\u201c da_disable_devices=\u201c off|off|off\u201c border_color_bottom=\u201c#FFFFFF\u201c saving_tabs=\u201call\u201c Locked=\u201coff\u201c global_colors_info=\u201c{}\u201c da_is_popup=\u201coff\u201c da_exit_intent=\u201coff\u201c da_has_close=\u201con\u201c da_alt_close=\u201coff\u201c da_dark_close=\u201c off\u201c da_not_modal=\u201con\u201c da_is_singular=\u201coff\u201c da_with_loader=\u201coff\u201c da_has_shadow=\u201con\u201c][et_pb_row columns_structure=\u201c1_4,1_4,1_4,1_4\u201c use_custom_gutter=\u201con\u201c gutter_width=\u201c1\u2033 _builder_version=\u201c4.22 .2\u2033 _module_preset=\u201cdefault\u201c width=\u201c100%\u201c max_width=\u201c100%\u201c custom_margin=\u201c0px||0px||true|false\u201c custom_padding=\u201c0px||0px||false|false\u201c global_colors_info=\u201c{}\u201c ][et_pb_column type=\u201c1_4\u2033 _builder_version=\u201c4.22.2\u2033 _dynamic_attributes=\u201clink_option_url\u201c _module_preset=\u201cdefault\u201c custom_padding=\u201c30px||30px||true|false\u201c link_option_url=\u201c@ET-DC@eyJkeW5hbWljIjp0cnVlLCJjb2 50ZW50IjoicG9zdF9saW5rX3VybF9wYWdl Iiwic2V0dGluZ3MiOnsicG9zdF9pZCI6IjIzODI3NiJ9fQ== @ \u201eborder_color_bottom=\u201crgba(255,255,255,0.5)\u201c global_colors_info=\u201c{}\u201c border_width_bottom__hover_enabled=\u201coff|desktop\u201c border_width_bottom__hover=\u201c5px\u201c background__hover_enabled=\u201con|hover\u201c background_color__hover=\u201c#0a6c99\u2033 background_enable_color__ hover=\u201con\u201c][et_pb_text module_class =\u201csubheadtext\u201c _builder_version=\u201c4.22.1\u201c _module_preset=\u201cdefault\u201c text_font=\u201c|600||on||||\u201c text_text_color=\u201c#FFFFFF\u201c text_font_size=\u201c18px\u201c text_letter_spacing=\u201c2px\u201c text_line_height=\u201c1em\u201c header_4_font=\u201cCatamaran|700|||||||\u201c header_4_text_align=\u201cleft\u201c header_4_text_color=\u201c#f6642c\u201c text_orientation=\u201ccenter\u201c custom_margin=\u201c0px||0px||false|false\u201c custom_padding=\u201c0px||0px||false|false\u201c animation_direction=\u201cright\u201c text_font_size_tablet=\u201c18px \u201d text_font_size_phone=\u201c16px\u201c text_font_size_last_edited=\u201con|desktop\u201c Locked=\u201coff\u201c global_colors_info=\u201c{}\u201c]<\/p>\n<p>Anmerkungen<\/p>\n<p>[\/et_pb_text][\/et_pb_column][et_pb_column type=\u201c1_4\u2033 _builder_version=\u201c4.22.1\u201c _dynamic_attributes=\u201clink_option_url\u201c _module_preset=\u201cdefault\u201c custom_padding=\u201c30px||30px||true|false\u201c link_option_url=\u201c@ET -DC@eyJkeW5hbWljIjp0cnVlLCJjb250ZW50IjoicG9zdF9saW5rX3VybF9wYWdlIiwic2V0dGluZ3MiOnsicG9zdF9pZCI6IjIzODI0NiJ9fQ==@\u201c border_color_bottom=\u201crgba(255,255,255,0.5 )\u201c global_colors_info=\u201c{}\u201c bottom__hover_enabled=\u201coff|desktop\u201c border_width_bottom__hover=\u201c5px\u201c background__hover_enabled=\u201con|hover\u201c background_color__hover=\u201c#0a6c99\u2033 background_enable_color__hover= \u201eon\u201c][et_pb_text module_class=\u201csubheadtext\u201c _builder_version=\u201c4.22.1\u201c _module_preset=\u201cdefault\u201c text_font=\u201c|600||on||||\u201c text_text_color=\u201c#FFFFFF\u201c text_font_size=\u201c18px\u201c text_letter_spacing=\u201c2px\u201c text_line_height=\u201c1em\u201c header_4_font=\u201cCatamaran|700|||||||\u201c header_4_text_align=\u201cleft\u201c header_4_text_color=\u201c#f6642c\u201c text_orientation=\u201ccenter\u201c custom_margin=\u201c0px||0px||false|false\u201c custom_padding=\u201c0px||0px||false|false\u201c animation_direction=\u201cright\u201c text_font_size_tablet=\u201c18px \u201d text_font_size_phone=\u201c16px\u201c text_font_size_last_edited=\u201con|desktop\u201c Locked=\u201coff\u201c global_colors_info=\u201c{}\u201c]<\/p>\n<p>Transport von Ferkeln<\/p>\n<p>[\/et_pb_text][\/et_pb_column][et_pb_column type=\u201c1_4\u2033 _builder_version=\u201c4.22.2\u201c _dynamic_attributes=\u201clink_option_url\u201c _module_preset=\u201cdefault\u201c custom_padding=\u201c30px||30px||true|false\u201c link_option_url=\u201c@ET -DC@eyJkeW5hbWljIjp0cnVlLCJjb250ZW50IjoicG9zdF9saW5rX3VybF9wYWdlIiwic2V0dGluZ3MiOnsicG9zdF9pZCI6IjIzODI1NSJ9fQ==@\u201c border_color_bottom=\u201crgba(255,255,255,0.5 )\u201c global_colors_info=\u201c{}\u201c bottom__hover_enabled=\u201coff|desktop\u201c border_width_bottom__hover=\u201c5px\u201c background__hover_enabled=\u201con|hover\u201c background_color__hover=\u201c#0a6c99\u2033 background_enable_color__hover= \u201eon\u201c][et_pb_text module_class=\u201csubheadtext\u201c _builder_version=\u201c4.22.1\u201c _module_preset=\u201cdefault\u201c text_font=\u201c|600||on||||\u201c text_text_color=\u201c#FFFFFF\u201c text_font_size=\u201c18px\u201c text_letter_spacing=\u201c2px\u201c text_line_height=\u201c1em\u201c header_4_font=\u201cCatamaran|700|||||||\u201c header_4_text_align=\u201cleft\u201c header_4_text_color=\u201c#f6642c\u201c text_orientation=\u201ccenter\u201c custom_margin=\u201c0px||0px||false|false\u201c custom_padding=\u201c0px||0px||false|false\u201c animation_direction=\u201cright\u201c text_font_size_tablet=\u201c18px \u201d text_font_size_phone=\u201c16px\u201c text_font_size_last_edited=\u201con|desktop\u201c Locked=\u201coff\u201c global_colors_info=\u201c{}\u201c]<\/p>\n<p>Exportzentrum<\/p>\n<p>[\/et_pb_text][\/et_pb_column][et_pb_column type=\u201c1_4\u2033 _builder_version=\u201c4.22.2\u201c _dynamic_attributes=\u201clink_option_url\u201c _module_preset=\u201cdefault\u201c custom_padding=\u201c30px||30px||true|false\u201c link_option_url=\u201c@ET -DC@eyJkeW5hbWljIjp0cnVlLCJjb250ZW50IjoicG9zdF9saW5rX3VybF9wYWdlIiwic2V0dGluZ3MiOnsicG9zdF9pZCI6IjIzODI2NyJ9fQ==@\u201c border_color_bottom=\u201crgba(255,255,255,0. 5)\u201c global_colors_info=\u201c{}\u201c bottom__hover_enabled=\u201coff|desktop\u201c border_width_bottom__hover=\u201c5px\u201c background__hover_enabled=\u201con|hover\u201c background_color__hover=\u201c#0a6c99\u2033 background_enable_color__hover= \u201eon\u201c][et_pb_text module_class=\u201csubheadtext\u201c _builder_version=\u201c4.22.1\u201c _module_preset=\u201cdefault\u201c text_font=\u201c|600||on||||\u201c text_text_color=\u201c#FFFFFF\u201c text_font_size=\u201c18px\u201c text_letter_spacing=\u201c2px\u201c text_line_height=\u201c1em\u201c header_4_font=\u201cCatamaran|700|||||||\u201c header_4_text_align=\u201cleft\u201c header_4_text_color=\u201c#f6642c\u201c text_orientation=\u201ccenter\u201c custom_margin=\u201c0px||0px||false|false\u201c custom_padding=\u201c0px||0px||false|false\u201c animation_direction=\u201cright\u201c text_font_size_tablet=\u201c18px \u201d text_font_size_phone=\u201c16px\u201c text_font_size_last_edited=\u201con|desktop\u201c Locked=\u201coff\u201c global_colors_info=\u201c{}\u201c]<\/p>\n<p>SMS-Dienst<\/p>\n<p>[\/et_pb_text][\/et_pb_column][\/et_pb_row][\/et_pb_section][et_pb_section fb_built=\u201c1\u2033 custom_padding_last_edited=\u201coff|desktop\u201c _builder_version=\u201c4.22.2\u201c _module_preset=\u201cdefault\u201c background_color=\u201c#F9F9F9\u2033 background_enable_image= \u201d aus\u201c background_enable_video_mp4=\u201caus\u201c custom_margin=\u201c0px||0px||false|false\u201c custom_padding=\u201c90px||90px||true|false\u201c custom_padding_tablet=\u201c45px||0px||false|false\u201c custom_padding_phone=\u201c90px ||90px||true|false\u201c da_disable_devices=\u201coff|off|off\u201c lock=\u201coff\u201c global_colors_info=\u201c{}\u201c da_is_popup=\u201coff\u201c da_exit_intent=\u201coff\u201c da_has_close=\u201con\u201c da_alt_close=\u201coff\u201c da_dark_close =\u201coff\u201c da_not_modal=\u201con\u201c da_is_singular=\u201coff\u201c da_with_loader=\u201coff\u201c da_has_shadow=\u201con\u201c][et_pb_row columns_structure=\u201c1_2,1_2\u2033 make_equal=\u201con\u201c custom_padding_last_edited=\u201coff|phone\u201c _builder_version=\u201c4.22 .2\u2033 _module_preset=\u201cdefault\u201c width=\u201c90%\u201c max_width=\u201c90%\u201c custom_margin=\u201c0px||0px||false|false\u201c custom_padding=\u201c0px||0px||true|false\u201c custom_padding_tablet=\u201c48px|| 48px||false|false\u201c custom_padding_phone=\u201c36px||39px||false|false\u201c hover_enabled=\u201c0\u2033 border_color_top=\u201c#433d39\u2033 border_color_bottom=\u201c#433d39\u2033 global_colors_info=\u201c{}\u201c sticky_enabled=\u201c0\u2033][et_pb_col \u00e4hm Typ =\u201c1_2\u2033 _builder_version=\u201c4.19.5\u201c _module_preset=\u201cdefault\u201c background_enable_color=\u201coff\u201c position_origin_a=\u201ccenter_right\u201c custom_padding=\u201c||true|true\u201c custom_padding_tablet=\u201c0px|40px||40px|false|false \u201d custom_padding_phone =\u201c|0px||0px|false|true\u201c custom_padding_last_edited=\u201coff|desktop\u201c global_colors_info=\u201c{}\u201c][et_pb_text module_class=\u201csubheadtext\u201c _builder_version=\u201c4.22.2\u2033 _module_preset=\u201cdefault\u201c text_font=\u201c |600 ||an|||||\u201c text_text_color=\u201c#C43434\u2033 text_font_size=\u201c18px\u201c text_letter_spacing=\u201c2px\u201c text_line_height=\u201c1.2em\u201c header_4_font=\u201cKatamaran|700|||||||\u201c header_4_text_align=\u201cleft\u201c header_4_text_color=\u201c#f6642c\u201c custom_margin=\u201c0px||15px||false|false\u201c custom_padding=\u201c0px||0px||false|false\u201c animation_direction=\u201cright\u201c text_font_size_tablet=\u201c18px\u201c text_font_size_phone=\u201c16px \u201d text_font_size_last_edited=\u201con|desktop\u201c lock=\u201coff\u201c global_colors_info=\u201c{}\u201c]<\/p>\n<p>Erhalten Sie gesuchte und Neuigkeiten<\/p>\n<p>[\/et_pb_text][et_pb_text _builder_version=\u201c4.22.2\u2033 _module_preset=\u201cdefault\u201c text_font=\u201c|700|||||||\u201c text_text_color=\u201c#FFFFFF\u201c header_font=\u201cRaleway|700||on||||\u201c header_text_align=\u201cleft\u201c header_text_color=\u201c#FFFFFF\u201c header_font_size=\u201c64px\u201c header_line_height=\u201c1.2em\u201c header_2_font=\u201c||||||||\u201c header_2_text_align=\u201cleft\u201c header_2_text_color=\u201c#282828\u2033 header_2_font_size=\u201c42px\u201c header_2_line_height=\u201c1.2em\u201c custom_margin=\u201c0px||20px||false|false\u201c custom_padding=\u201c0px||0px||false|false\u201c animation_direction=\u201c rechts\u201c header_font_size_tablet=\u201c48px\u201c header_font_size_phone=\u201c32px\u201c header_font_size_last_edited=\u201con|desktop\u201c header_2_font_size_tablet=\u201c48px\u201c header_2_font_size_phone=\u201c32px\u201c header_2_font_size_last_edited=\u201con|desktop\u201c Locked=\u201coff\u201c global_colors_info=\u201c{}\u201c ]<\/p>\n<h2><strong>Unser SMS-Service<\/strong><\/h2>\n<p>[\/et_pb_text][et_pb_text _builder_version=\u201c4.22.2\u2033 _module_preset=\u201cdefault\u201c text_font=\u201c|||||||||\u201c text_text_color=\u201crgba(35,31,32,0.8)\u201c text_font_size=\u201c16px\u201c text_line_height=\u201c1.8em\u201c max_width=\u201c900px\u201c custom_margin=\u201c0px||33px||false|false\u201c custom_padding=\u201c0px||0px ||false|false\u201c gesperrt=\u201caus\u201c global_colors_info=\u201c{}\u201c]<\/p>\n<div class=\"fl-module fl-module-rich-text fl-node-59ddd05a9aadd\" data-node=\"59ddd05a9aadd\">\n<div class=\"fl-module-content fl-node-content\">\n<div class=\"fl-rich-text\">\n<p>Der SMS-Dienst von Porc-Ex wird verwendet, um Neuigkeiten und Anfragen f\u00fcr Schweine an unsere d\u00e4nischen Lieferanten zu versenden.<\/p>\n<p>Sobald Sie das Formular hier ausgef\u00fcllt haben, sind Sie bereits auf dem besten Weg.<\/p>\n<p>Sie k\u00f6nnen sich jederzeit abmelden, wenn Sie unseren SMS-Dienst nicht mehr nutzen m\u00f6chten.<\/p>\n<\/div>\n<\/div>\n<\/div>\n<p>[\/et_pb_text][dsm_button button_one_text=\u201c70 20 82 84\u2033 button_one_url=\u201ctel:+4570208284\u201c button_two_text=\u201cKontaktieren Sie uns\u201c button_two_url=\u201c@ET-DC@eyJkeW5hbWljIjp0cnVlLCJjb250ZW50IjoicG9zdF9sa W5rX3VybF9wYWdlIiwic2V 0dGluZ3MiOnsicG9zdF9pZCI6IjI0OTY0NyJ9fQ==@\u201c _builder_version=\u201c4.22.2\u201c _dynamic_attributes = \u201ebutton_two_url\u201c _module_preset=\u201cdefault\u201c custom_button_one=\u201con\u201c button_one_text_size=\u201c15px\u201c button_one_text_color=\u201c#FFFFFF\u201c button_one_bg_color=\u201c#C43434\u2033 button_one_border_width=\u201c2px\u201c button_one_border_color=\u201c#C43434\u2033 button_one_border_ radius=\u201c0px\u201c button_one_letter_spa cing=\u201c1px\u201c button_one_font= \u201d|600||on|||||\u201c button_one_icon=\u201c\uf095||fa||900\u2033 button_one_on_hover=\u201coff\u201c button_one_custom_padding=\u201c6px|60px|6px|40px|true|false\u201c custom_button_two=\u201con\u201c button_two_text_size=\u201c15px\u201c button_two_text_color=\u201c#231F20\u201c button_two_bg_color=\u201cRGBA (255,255,255,0)\u201c button_two_border_width=\u201c2px\u201c button_two_border_color=\u201c#C43434\u2033 button_two_border_radius=\u201c0px\u201c button_two_letter_spacing=\u201c1px\u201c button_two_font=\u201c|600||on|||||\u201c button_two_icon=\u201c\uf105||fa||900\u2033 button_two_on_hover=\u201coff\u201c button_two_custom_margin_tablet=\u201c\u201c button_two_custom_margin_phone=\u201c|||0px|false|false\u201c button_two_custom_margin_last_edited=\u201con|phone\u201c button_two_custom_padding=\u201c6px|50px|6px|40px| true|false\u201c lock=\u201coff\u201c global_colors_info=\u201c{}\u201c button_one_letter_spacing__hover=\u201c1px\u201c button_one_letter_spacing__hover_enabled=\u201con|hover\u201c button_two_letter_spacing__hover=\u201c1px\u201c button_two_letter_spacing__hover_enabled=\u201con|hover\u201c button_one_bg_color__hover_enabled=\u201con |desktop\u201c button_one_bg_color__hover= \u201e#B12F2F \u201d button_one_bg_enable_color__hover=\u201con\u201c button_one_border_color__hover_enabled=\u201con|desktop\u201c button_one_border_color__hover=\u201c#B12F2F\u201c button_two_bg_color__hover_enabled=\u201con|desktop\u201c button_two_bg_color__hover=\u201c#C43434\u2033 button_two_bg_enable_color__hover =\u201con\u201c button_two_text_color__hover ver_enabled=\u201con|desktop\u201c button_two_text_color__hover=\u201c#FFFFFF\u201c][ \/ dsm_button][\/et_pb_column][et_pb_column type=\u201c1_2\u2033 _builder_version=\u201c4.22.2\u201c _module_preset=\u201cdefault\u201c background_color=\u201c#FFFFFF\u201c background_enable_image=\u201coff\u201c background_position=\u201ctop_center\u201c background_vertical_offset=\u201c25%\u201c background_enable_video_mp4=\u201c aus \u201eposition_origin_a=\u201ccenter_right\u201c custom_padding=\u201c2%|2%|2%|2%|true|true\u201c custom_padding_tablet=\u201c0px|40px||40px|false|false\u201c custom_padding_phone=\u201c|0px||0px|false|true\u201c custom_padding_last_edited= \u201eoff|desktop\u201c hover_enabled=\u201c0\u2033 global_colors_info=\u201c{}\u201c box_shadow_style=\u201cpreset3\u2033 box_shadow_vertical=\u201c2px\u201c box_shadow_blur=\u201c4px\u201c box_shadow_spread=\u201c-2px\u201c box_shadow_color=\u201crgba(0,0,0,0.2) \u201d sticky_enabled=\u201c0\u2033][dsm_caldera_forms cf_library=\u201cCF650bfb79b6e05\u2033 input_background_color=\u201c#F9F9F9\u2033 radio_checked_color=\u201c#C43434\u2033 checkbox_checked_color=\u201c#C43434\u2033 checkbox_checked_background_color=\u201c1 TP5TF9F9F9\u2033 checkbox_background_color=\u201c#F9F9\u2033 9F9F9\u2033 _builder_version=\u201c4.22.2\u201c _module_preset= \u201edefault\u201c input_textarea_select_text_color=\u201c#231F20\u201c placeholder_text_color=\u201crgba(35,31,32,0.9)\u201c checkbox_text_color=\u201c#231F20\u201c custom_button_one=\u201con\u201c button_one_text_size=\u201c15px\u201c button_one_text_color=\u201c#FFFFFF\u201c button_one_bg _color=\u201c#C43434\u2033 button_one_border_width=\u201c 2px\u201c button_one_border_color =\u201c#C43434\u2033 button_one_border_radius=\u201c0px\u201c button_one_letter_spacing=\u201c1px\u201c button_one_font=\u201c|600||on||||\u201c button_one_icon=\u201c\uf064||fa||900\u2033 button_one_on_hover=\u201coff\u201c button_one_custom_padding=\u201c6px|60px|6px|40px|true|false\u201c global_colors_info=\u201c{}\u201c button_one_bg_color__hover=\u201c#B12F2F\u201c button_one_bg_color__hover_enabled=\u201con|desktop\u201c button_one_ border_color__hover =\u201c#B12F2F\u201c button_one_border_color__hover_enabled=\u201con|desktop\u201c button_one_letter_spacing__hover=\u201c1px\u201c button_one_letter_spacing__hover_enabled=\u201con|desktop\u201c][\/dsm_caldera_forms][\/et_pb_column][\/et_pb_row][\/et_pb_section][et_pb_ Abschnitt fb_built=\u201c1\u2033 custom_padding_last_edited=\u201c off|desktop\u201c _builder_version=\u201c4.22.2\u201c _module_preset=\u201cdefault\u201c background_enable_color=\u201coff\u201c background_enable_image=\u201coff\u201c background_enable_video_mp4=\u201coff\u201c custom_margin=\u201c0px||0px||false|false\u201c custom_padding=\u201c90px|| 90px||true|false\u201c custom_padding_tablet=\u201c120px||0px||false|false\u201c custom_padding_phone=\u201c0px||0px||false|false\u201c da_disable_devices=\u201coff|off|off\u201c saving_tabs=\u201call\u201c Locked=\u201c aus\u201c global_colors_info=\u201c{}\u201c da_is_popup=\u201caus\u201c da_exit_intent=\u201caus\u201c da_has_close=\u201con\u201c da_alt_close=\u201caus\u201c da_dark_close=\u201caus\u201c da_not_modal=\u201cein\u201c da_is_singular=\u201caus\u201c da_with_loader=\u201caus\u201c da_has_shadow= \u201eon\u201c][et_pb_row use_custom_gutter=\u201con\u201c _builder_version=\u201c4.19.5\u201c _module_preset=\u201cdefault\u201c width=\u201c90%\u201c max_width=\u201c90%\u201c custom_margin=\u201c0px||0px||true|false\u201c custom_margin_tablet=\u201c0px ||0px||false|false\u201c custom_margin_phone=\u201c0px||0px||false|false\u201c custom_margin_last_edited=\u201con|phone\u201c custom_padding=\u201c0px||0px||true|false\u201c global_colors_info=\u201c{}\u201c][ et_pb_column type=\u201c4_4\u201c _builder_version=\u201c4.17.1\u201c _module_preset=\u201cdefault\u201c global_colors_info=\u201c{}\u201c][et_pb_text module_class=\u201csubheadtext\u201c _builder_version=\u201c4.22.1\u201c _module_preset=\u201cdefault\u201c text_font=\u201c|600| |an|||||\u201c text_text_color=\u201c#C43434\u2033 text_font_size=\u201c18px\u201c text_letter_spacing=\u201c2px\u201c text_line_height=\u201c1.2em\u201c header_4_font=\u201cKatamaran|700|||||||\u201c header_4_text_align=\u201cleft\u201c header_4_text_color=\u201c#f6642c\u201c custom_margin=\u201c0px||15px||false|false\u201c custom_padding=\u201c0px||0px||false|false\u201c animation_direction=\u201cright\u201c text_font_size_tablet=\u201c18px\u201c text_font_size_phone=\u201c16px \u201d text_font_size_last_edited=\u201con|desktop\u201c lock=\u201coff\u201c global_colors_info=\u201c{}\u201c]<\/p>\n<p><span>EINBLICKE IM ALLTAG<\/span><\/p>\n<p>[\/et_pb_text][et_pb_text _builder_version=\u201c4.22.1\u2033 _module_preset=\u201cdefault\u201c text_font=\u201c|700|||||||\u201c text_text_color=\u201c#FFFFFF\u201c header_font=\u201cRaleway|700||on||||\u201c header_text_align=\u201cleft\u201c header_text_color=\u201c#000000\u2033 header_font_size=\u201c64px\u201c header_line_height=\u201c1.2em\u201c header_2_font=\u201c||||||||\u201c header_2_text_align=\u201cleft\u201c header_2_text_color=\u201c#231F20\u201c header_2_font_size=\u201c42px\u201c header_2_line_height=\u201c1.2em\u201c custom_margin=\u201c0px||20px||false|false\u201c custom_padding=\u201c0px||0px||false|false\u201c animation_direction=\u201c rechts\u201c header_font_size_tablet=\u201c48px\u201c header_font_size_phone=\u201c32px\u201c header_font_size_last_edited=\u201con|desktop\u201c header_2_font_size_tablet=\u201c48px\u201c header_2_font_size_phone=\u201c32px\u201c header_2_font_size_last_edited=\u201con|desktop\u201c Locked=\u201coff\u201c global_colors_info=\u201c{}\u201c ]<\/p>\n<h2 class=\"widget-title\">Bilder aus dem Alltag<\/h2>\n<p>[\/et_pb_text] [dsm_image_carousel gallery_ids = \u201d238138,23827,238228,238229,238230,238231,238232,238233 \u2033 Geschwindigkeit =\u201d 12000 \u2033 Space_between = \u201d30\u201c infinite_smooth_scrolling = \u201d\u2033 \u2033 auf\u201c \u2033 \u2033 auf DER_VERSION = \u201d 4.22.1 \u2033 _module_preset =\u201c default\u201c custom_margin=\u201c0px||0px||true|false\u201c custom_padding=\u201c0px||0px||true|false\u201c global_colors_info=\u201c{}\u201c][\/dsm_image_carousel][\/et_pb_column] [\/et_pb_row][\/et_pb_section ]<\/p>","protected":false},"excerpt":{"rendered":"<p>NACHRICHTEN UND GESUCHS-SMS-Dienstlisten Transport von Ferkeln Exportzentrum SMS-Dienst Erhalten Sie Anfragen und Neuigkeiten Unser SMS-Dienst Der SMS-Dienst von Porc-Ex wird verwendet, um Neuigkeiten und Anfragen \u00fcber Schweine an unsere d\u00e4nischen Lieferanten zu senden. Sobald Sie das Formular hier ausgef\u00fcllt haben, sind Sie bereits auf dem besten Weg. Sie k\u00f6nnen sich jederzeit wieder abmelden, wenn Sie den Newsletter nicht mehr nutzen m\u00f6chten.<\/p>","protected":false},"author":1,"featured_media":0,"parent":0,"menu_order":0,"comment_status":"closed","ping_status":"closed","template":"","meta":{"_et_pb_use_builder":"on","_et_pb_old_content":"","_et_gb_content_width":"","inline_featured_image":false,"footnotes":""},"class_list":["post-238267","page","type-page","status-publish","hentry"],"_links":{"self":[{"href":"https:\/\/porc-ex.dk\/de\/wp-json\/wp\/v2\/pages\/238267","targetHints":{"allow":["GET"]}}],"collection":[{"href":"https:\/\/porc-ex.dk\/de\/wp-json\/wp\/v2\/pages"}],"about":[{"href":"https:\/\/porc-ex.dk\/de\/wp-json\/wp\/v2\/types\/page"}],"author":[{"embeddable":true,"href":"https:\/\/porc-ex.dk\/de\/wp-json\/wp\/v2\/users\/1"}],"replies":[{"embeddable":true,"href":"https:\/\/porc-ex.dk\/de\/wp-json\/wp\/v2\/comments?post=238267"}],"version-history":[{"count":9,"href":"https:\/\/porc-ex.dk\/de\/wp-json\/wp\/v2\/pages\/238267\/revisions"}],"predecessor-version":[{"id":249672,"href":"https:\/\/porc-ex.dk\/de\/wp-json\/wp\/v2\/pages\/238267\/revisions\/249672"}],"wp:attachment":[{"href":"https:\/\/porc-ex.dk\/de\/wp-json\/wp\/v2\/media?parent=238267"}],"curies":[{"name":"wp","href":"https:\/\/api.w.org\/{rel}","templated":true}]}}