{"id":238255,"date":"2023-09-21T07:59:25","date_gmt":"2023-09-21T07:59:25","guid":{"rendered":"http:\/\/porc-ex.dk\/?page_id=238255"},"modified":"2023-09-22T08:13:11","modified_gmt":"2023-09-22T08:13:11","slug":"eksportcenter","status":"publish","type":"page","link":"https:\/\/porc-ex.dk\/pl\/wlasne-centrum-eksportu\/","title":{"rendered":"Centrum eksportu"},"content":{"rendered":"<p>[et_pb_section fb_built=&#8221;1&#8243; custom_padding_last_edited=&#8221;on|desktop&#8221; _builder_version=&#8221;4.22.1&#8243; _module_preset=&#8221;default&#8221; background_color=&#8221;#fafafa&#8221; background_image=&#8221;http:\/\/porc-ex.dk\/wp-content\/uploads\/2023\/09\/Birkely-017-landscape-scaled.jpg&#8221; background_enable_video_mp4=&#8221;off&#8221; custom_margin=&#8221;0px||0px||false|false&#8221; custom_padding=&#8221;90px||90px||true|false&#8221; custom_padding_tablet=&#8221;90px||90px||true|false&#8221; custom_padding_phone=&#8221;90px||90px||true|false&#8221; custom_css_before=&#8221;content:%22%22;||    display: block;||    position: absolute;||    top: 0;||    left: 0;||    width: 100%;||    height: 100%;||    background-color: rgba(0,0,0,0.3);||    z-index: 9;&#8221; da_disable_devices=&#8221;off|off|off&#8221; locked=&#8221;off&#8221; global_colors_info=&#8221;{}&#8221; da_is_popup=&#8221;off&#8221; da_exit_intent=&#8221;off&#8221; da_has_close=&#8221;on&#8221; da_alt_close=&#8221;off&#8221; da_dark_close=&#8221;off&#8221; da_not_modal=&#8221;on&#8221; da_is_singular=&#8221;off&#8221; da_with_loader=&#8221;off&#8221; da_has_shadow=&#8221;on&#8221;][et_pb_row make_equal=&#8221;on&#8221; custom_padding_last_edited=&#8221;off|phone&#8221; _builder_version=&#8221;4.19.5&#8243; _module_preset=&#8221;default&#8221; z_index=&#8221;10&#8243; width=&#8221;90%&#8221; max_width=&#8221;90%&#8221; custom_margin=&#8221;0px||0px||false|false&#8221; custom_padding=&#8221;0px||0px||true|false&#8221; custom_padding_tablet=&#8221;48px||48px||false|false&#8221; custom_padding_phone=&#8221;36px||39px||false|false&#8221; border_color_top=&#8221;#433d39&#8243; border_color_bottom=&#8221;#433d39&#8243; global_colors_info=&#8221;{}&#8221;][et_pb_column type=&#8221;4_4&#8243; _builder_version=&#8221;4.19.5&#8243; _module_preset=&#8221;default&#8221; position_origin_a=&#8221;center_right&#8221; custom_padding=&#8221;||||false|false&#8221; custom_padding_tablet=&#8221;0px|40px||40px|false|false&#8221; custom_padding_phone=&#8221;|0px||0px|false|true&#8221; custom_padding_last_edited=&#8221;off|tablet&#8221; global_colors_info=&#8221;{}&#8221;][et_pb_text module_class=&#8221;subheadtext&#8221; _builder_version=&#8221;4.22.1&#8243; _module_preset=&#8221;default&#8221; text_font=&#8221;Raleway|600||on|||||&#8221; text_text_color=&#8221;#FFFFFF&#8221; text_font_size=&#8221;18px&#8221; text_letter_spacing=&#8221;2px&#8221; text_line_height=&#8221;1.2em&#8221; header_4_font=&#8221;Catamaran|700|||||||&#8221; header_4_text_align=&#8221;left&#8221; header_4_text_color=&#8221;#f6642c&#8221; custom_margin=&#8221;0px||15px||false|false&#8221; custom_padding=&#8221;0px||0px||false|false&#8221; animation_direction=&#8221;right&#8221; text_font_size_tablet=&#8221;18px&#8221; text_font_size_phone=&#8221;16px&#8221; text_font_size_last_edited=&#8221;on|desktop&#8221; locked=&#8221;off&#8221; global_colors_info=&#8221;{}&#8221;]<\/p>\n<p><span>ZAJMUJEMY SI\u0118 TYLKO W\u0141ASNYMI \u015aWINIAMI<\/span><\/p>\n<p>[\/et_pb_text][et_pb_text _builder_version=\u201d4.22.1\u2033 _module_preset=\u201ddefault\u201d text_font=\u201d|700|||||||\u201d text_text_color=\u201d#FFFFFF\u201d header_font=\u201d|||||||||\u201d header_text_align=\u201dlewy\u201d header_text_color=\u201d#FFFFFF\u201d header_font_size=\u201d64px\u201d header_line_height=\u201d1.2em\u201d header_2_font=\u201dRaleway|700||on|||||\u201d header_2_text_align=\u201dlewy\u201d header_2_text_color=\u201d#010706\u2033 header_2_font_size=\u201d64px\u201d niestandardowe_margin=\u201d0px||20px||false|false\u201d niestandardowe_margin_tablet=\u201d||20px||false|false\u201d niestandardowe_margin_phone=\u201d0px||10px||false |false\u201d niestandardowe_margin_last_edited=\u201doff|desktop\u201d niestandardowe_padding=\u201d0px||0px||false|false\u201d animacja_direction=\u201dright\u201d header_font_size_tablet=\u201d48px\u201d header_font_size_phone=\u201d32px\u201d header_font_size_last_edited=\u201dna|komputerze\u201d header_font_size_tablet=\u201d78px\u201d header_2_font_size_phone=\u201d45px\u201d header_2_font_size_last_edited=\u201dna|telefonie\u201d zablokowany=\u201dwy\u0142\u0105czony\u201d global_colors_info=\u201d{}\u201d]<\/p>\n<h1>Centrum eksportu<\/h1>\n<p>[\/et_pb_text][\/et_pb_column] =\u201d0px||0px||true|false\u201d niestandardowe_padding=\u201d0px||0px||true|false\u201d sticky_position=\u201dtop\u201d sticky_position_tablet=\u201dnone\u201d sticky_position_phone=\u201dnone\u201d sticky_position_last_edited=\u201don|pulpit\u201d da_disable_devices=\u201d off|off|off\u201d border_color_bottom=\u201d#FFFFFF\u201d zapisane_tabs=\u201dall\u201d zablokowane=\u201doff\u201d global_colors_info=\u201d{}\u201d da_is_popup=\u201doff\u201d da_exit_intent=\u201doff\u201d da_has_close=\u201don\u201d da_alt_close=\u201doff\u201d da_dark_close=\u201d off\u201d da_not_modal=\u201don\u201d da_is_singular=\u201doff\u201d da_with_loader=\u201doff\u201d da_has_shadow=\u201don\u201d][et_pb_row kolumna_structure=\u201d1_4,1_4,1_4,1_4\u2033 use_custom_gutter=\u201don\u201d gutter_width=\u201d1\u2033 _builder_version=\u201d4.22 .2\u2033 _module_preset=\u201ddefault\u201d szeroko\u015b\u0107=\u201d100%\u201d max_width=\u201d100%\u201d niestandardowe_margin=\u201d0px||0px||true|false\u201d niestandardowe_padding=\u201d0px||0px||false|false\u201d global_colors_info=\u201d{}\u201d ][et_pb_column type=\u201d1_4\u2033 _builder_version=\u201d4.22.2\u2033 _dynamic_attributes=\u201dlink_option_url\u201d _module_preset=\u201ddefault\u201d niestandardowe_padding=\u201d30px||30px||true|false\u201d link_option_url=\u201d@ET-DC@eyJkeW5hbWljIjp0cnVllC Jjb250ZW50IjoicG9zdF9saW5rX3VybF9wYWdl Iiwic2V0dGluZ3MiOnsicG9zdF9pZCI6IjIzODI3NiJ9fQ== @ \u201d border_color_bottom=\u201drgba(255,255,255,0.5)\u201d global_colors_info=\u201d{}\u201d border_width_bottom__hover_enabled=\u201doff|desktop\u201d border_width_bottom__hover=\u201d5px\u201d t\u0142o__hover_enabled=\u201don|hover\u201d t\u0142o_color__hover=\u201d#0a6c99\u2033 t\u0142o_enable_color__h over=\u201don\u201d][et_pb_text module_class =\u201dsubheadtext\u201d _builder_version=\u201d4.22.1\u2033 _module_preset=\u201ddefault\u201d text_font=\u201d|600||on||||\u201d text_text_color=\u201d#FFFFFF\u201d text_font_size=\u201d18px\u201d text_letter_spacing=\u201d2px\u201d text_line_height=\u201d1em\u201d header_4_font=\u201dKatamaran|700|||||||\u201d header_4_text_align=\u201dleft\u201d header_4_text_color=\u201d#f6642c\u201d text_orientation=\u201dcenter\u201d niestandardowe_margin=\u201d0px||0px||false|false\u201d niestandardowe_padding=\u201d0px||0px||false|false\u201d animacja_direction=\u201dright\u201d text_font_size_tablet=\u201d18px \u201d tekst_font_size_phone=\u201d16px\u201d text_font_size_last_edited=\u201dna|komputerze\u201d zablokowany=\u201dwy\u0142\u0105czony\u201d global_colors_info=\u201d{}\u201d]<\/p>\n<p>Notatki<\/p>\n<p>[\/et_pb_text][\/et_pb_column][et_pb_column type=\u201d1_4\u2033 _builder_version=\u201d4.22.1\u2033 _dynamic_attributes=\u201dlink_option_url\u201d _module_preset=\u201ddefault\u201d niestandardowe_padding=\u201d30px||30px||true|false\u201d link_option_url=\u201d@ET -DC@eyJkeW5hbWljIjp0cnVlLCJjb250ZW50IjoicG9zdF9saW5rX3VybF9wYWdlIiwic2V0dGluZ3MiOnsicG9zdF9pZCI6IjIzODI0NiJ9fQ==@\u201d border_color_bottom=\u201drgba(255,255,25 5,0.5)\u201d global_colors_info=\u201d{}\u201d Bottom__hover_enabled=\u201doff|desktop\u201d border_width_bottom__hover=\u201d5px\u201d t\u0142o__hover_enabled=\u201don|hover\u201d t\u0142o_color__hover=\u201d#0a6c99\u2033 t\u0142o_enable_color__hover= \u201don\u201d][et_pb_text module_class=\u201dsubheadtext\u201d _builder_version=\u201d4.22.1\u2033 _module_preset=\u201ddefault\u201d text_font=\u201d|600||on||||\u201d text_text_color=\u201d#FFFFFF\u201d text_font_size=\u201d18px\u201d text_letter_spacing=\u201d2px\u201d text_line_height=\u201d1em\u201d header_4_font=\u201dKatamaran|700|||||||\u201d header_4_text_align=\u201dleft\u201d header_4_text_color=\u201d#f6642c\u201d text_orientation=\u201dcenter\u201d niestandardowe_margin=\u201d0px||0px||false|false\u201d niestandardowe_padding=\u201d0px||0px||false|false\u201d animacja_direction=\u201dright\u201d text_font_size_tablet=\u201d18px \u201d tekst_font_size_phone=\u201d16px\u201d text_font_size_last_edited=\u201dna|komputerze\u201d zablokowany=\u201dwy\u0142\u0105czony\u201d global_colors_info=\u201d{}\u201d]<\/p>\n<p>Transport prosi\u0105t<\/p>\n<p>[\/et_pb_text][\/et_pb_column][et_pb_column type=\u201d1_4\u2033 _builder_version=\u201d4.22.2\u2033 _dynamic_attributes=\u201dlink_option_url\u201d _module_preset=\u201ddefault\u201d niestandardowe_padding=\u201d30px||30px||true|false\u201d link_option_url=\u201d@ET -DC@eyJkeW5hbWljIjp0cnVlLCJjb250ZW50IjoicG9zdF9saW5rX3VybF9wYWdlIiwic2V0dGluZ3MiOnsicG9zdF9pZCI6IjIzODI1NSJ9fQ==@\u201d border_color_bottom=\u201drgba(255.255.255 ,0,5)\u201d global_colors_info=\u201d{}\u201d Bottom__hover_enabled=\u201doff|desktop\u201d border_width_bottom__hover=\u201d5px\u201d t\u0142o__hover_enabled=\u201don|najechanie myszk\u0105\u201d t\u0142o_color__hover=\u201d#0a6c99\u2033 t\u0142o_enable_color__hover= \u201don\u201d][et_pb_text module_class=\u201dsubheadtext\u201d _builder_version=\u201d4.22.1\u2033 _module_preset=\u201ddefault\u201d text_font=\u201d|600||on||||\u201d text_text_color=\u201d#FFFFFF\u201d text_font_size=\u201d18px\u201d text_letter_spacing=\u201d2px\u201d text_line_height=\u201d1em\u201d header_4_font=\u201dKatamaran|700|||||||\u201d header_4_text_align=\u201dleft\u201d header_4_text_color=\u201d#f6642c\u201d text_orientation=\u201dcenter\u201d niestandardowe_margin=\u201d0px||0px||false|false\u201d niestandardowe_padding=\u201d0px||0px||false|false\u201d animacja_direction=\u201dright\u201d text_font_size_tablet=\u201d18px \u201d tekst_font_size_phone=\u201d16px\u201d text_font_size_last_edited=\u201dna|komputerze\u201d zablokowany=\u201dwy\u0142\u0105czony\u201d global_colors_info=\u201d{}\u201d]<\/p>\n<p>Centrum eksportu<\/p>\n<p>[\/et_pb_text][\/et_pb_column][et_pb_column type=\u201d1_4\u2033 _builder_version=\u201d4.22.2\u2033 _dynamic_attributes=\u201dlink_option_url\u201d _module_preset=\u201ddefault\u201d niestandardowe_padding=\u201d30px||30px||true|false\u201d link_option_url=\u201d@ET -DC@eyJkeW5hbWljIjp0cnVlLCJjb250ZW50IjoicG9zdF9saW5rX3VybF9wYWdlIiwic2V0dGluZ3MiOnsicG9zdF9pZCI6IjIzODI2NyJ9fQ==@\u201d border_color_bottom=\u201drgba(255,255,25 5,0.5)\u201d global_colors_info=\u201d{}\u201d Bottom__hover_enabled=\u201doff|desktop\u201d border_width_bottom__hover=\u201d5px\u201d t\u0142o__hover_enabled=\u201don|hover\u201d t\u0142o_color__hover=\u201d#0a6c99\u2033 t\u0142o_enable_color__hover= \u201don\u201d][et_pb_text module_class=\u201dsubheadtext\u201d _builder_version=\u201d4.22.1\u2033 _module_preset=\u201ddefault\u201d text_font=\u201d|600||on||||\u201d text_text_color=\u201d#FFFFFF\u201d text_font_size=\u201d18px\u201d text_letter_spacing=\u201d2px\u201d text_line_height=\u201d1em\u201d header_4_font=\u201dKatamaran|700|||||||\u201d header_4_text_align=\u201dleft\u201d header_4_text_color=\u201d#f6642c\u201d text_orientation=\u201dcenter\u201d niestandardowe_margin=\u201d0px||0px||false|false\u201d niestandardowe_padding=\u201d0px||0px||false|false\u201d animacja_direction=\u201dright\u201d text_font_size_tablet=\u201d18px \u201d tekst_font_size_phone=\u201d16px\u201d text_font_size_last_edited=\u201dna|komputerze\u201d zablokowany=\u201dwy\u0142\u0105czony\u201d global_colors_info=\u201d{}\u201d]<\/p>\n<p>Us\u0142uga SMS<\/p>\n<p>[\/et_pb_text][\/et_pb_column][\/et_pb_row][\/et_pb_section][et_pb_section fb_built=\u201d1\u2033custom_padding_last_edited=\u201doff|desktop\u201d _builder_version=\u201d4.22.2\u2033 _module_preset=\u201ddefault\u201d t\u0142o_kolor=\u201d#F9F9F9\u2033 t\u0142o_enable_image=\u201d off\u201d t\u0142o_size=\u201dcontain\u201d t\u0142o_position=\u201dtop_left\u201d niestandardowe_margin=\u201d0px||0px||false|false\u201d niestandardowe_padding=\u201d90px||90px||true|false\u201d niestandardowe_padding_tablet=\u201d120px||0px||false|false \u201d niestandardowe_padding_phone=\u201d0px||0px||false|false\u201d hover_enabled=\u201d0\u2033 da_disable_devices=\u201doff|off|off\u201d zablokowane=\u201doff\u201d global_colors_info=\u201d{}\u201d sticky_enabled=\u201d0\u2033 da_is_popup=\u201doff\u201d da_exit_intent =\u201doff\u201d da_has_close=\u201don\u201d da_alt_close=\u201doff\u201d da_dark_close=\u201doff\u201d da_not_modal=\u201don\u201d da_is_singular=\u201doff\u201d da_with_loader=\u201doff\u201d da_has_shadow=\u201don\u201d][et_pb_row kolumna_struktura=\u201d1_2,1_2\u2033 use_custom_gutter =\u201don\u201d _builder_version=\u201d4.19.5\u2033 _module_preset=\u201ddefault\u201d szeroko\u015b\u0107=\u201d90%\u201d max_width=\u201d90%\u201d niestandardowe_margin=\u201d0px||0px||true|false\u201d niestandardowe_margin_tablet=\u201d0px||120px||false| false\u201d niestandardowe_margin_phone=\u201d0px||0px||false|false\u201d niestandardowe_margin_last_edited=\u201doff|tablet\u201d niestandardowe_padding=\u201d0px||0px||true|false\u201d global_colors_info=\u201d{}\u201d][et_pb_column type=\u201d1_2\u2033 _builder_version =\u201d4.17.1\u2033 _module_preset=\u201ddefault\u201d global_colors_info=\u201d{}\u201d][et_pb_text module_class=\u201dsubheadtext\u201d _builder_version=\u201d4.22.1\u2033 _module_preset=\u201ddefault\u201d text_font=\u201d|600||on||||| &quot; text_text_color=\u201d#C43434\u2033 text_font_size=\u201d18px\u201d text_letter_spacing=\u201d2px\u201d text_line_height=\u201d1.2em\u201d header_4_font=\u201dKatamaran|700|||||||\u201d header_4_text_align=\u201dleft\u201d header_4_text_color=\u201d#C43434\u2033custom_margin=\u201d0px||15px||false|false\u201dcustom_padding=\u201d0px||0px||false|false\u201d animacja_direction=\u201dright\u201d tekst_font_size_tablet=\u201d18px\u201d text_font_size_phone=\u201d16px \u201d tekst_font_size_last_edited=\u201dna|pulpicie\u201d zablokowany=\u201dwy\u0142\u0105czony\u201d global_colors_info=\u201d{}\u201d]<\/p>\n<p><span>PE\u0141NA KONTROLA<\/span><\/p>\n<p>[\/et_pb_text][et_pb_text _builder_version=\u201d4.22.1\u2033 _module_preset=\u201ddefault\u201d text_font=\u201d|700|||||||\u201d text_text_color=\u201d#FFFFFF\u201d header_font=\u201dRaleway|700||on||||\u201d header_text_align=\u201dlewy\u201d header_text_color=\u201d#FFFFFF\u201d header_font_size=\u201d64px\u201d header_line_height=\u201d1.2em\u201d header_2_font=\u201d||||||||\u201d header_2_text_align=\u201dlewy\u201d header_2_text_color=\u201d#282828\u2033 header_2_font_size=\u201d42px\u201d header_2_line_height=\u201d1.2em\u201d niestandardowe_margin=\u201d0px||20px||false|false\u201d niestandardowe_padding=\u201d0px||0px||false|false\u201d animacja_direction=\u201d prawo\u201d header_font_size_tablet=\u201d48px\u201d header_font_size_phone=\u201d32px\u201d header_font_size_last_edited=\u201don|desktop\u201d header_2_font_size_tablet=\u201d48px\u201d header_2_font_size_phone=\u201d32px\u201d header_2_font_size_last_edited=\u201don|desktop\u201d zablokowany=\u201doff\u201d global_colors_info=\u201d{ }\u201d]<\/p>\n<h2><strong>W\u0142asne centrum eksportowe do prze\u0142adunku prosi\u0105t<\/strong><\/h2>\n<p>[\/et_pb_text][et_pb_divider show_divider=\u201doff\u201d _builder_version=\u201d4.22.1\u2033 _module_preset=\u201ddefault\u201d back_image=\u201dhttp:\/\/porc-ex.dk\/wp-content\/uploads\/2023\/09\/Trailervask-landscape. jpg\u201d back_position=\u201dtop_left\u201d t\u0142o_vertical_offset=\u201d0%\u201d height=\u201d700px\u201d height_tablet=\u201d600px\u201d height_phone=\u201d200px\u201d height_last_edited=\u201don|telefon\u201d global_colors_info=\u201d{}\u201d][\/et_pb_divider][\/et_pb_column][ et_pb_column type=\u201d1_2\u2033 _builder_version=\u201d4.17.1\u2033 _module_preset=\u201ddefault\u201d global_colors_info=\u201d{}\u201d][et_pb_divider show_divider=\u201doff\u201d _builder_version=\u201d4.22.1\u2033 _module_preset=\u201ddefault\u201d back_image=\u201dhttp:\/ \/porc-ex.dk\/wp-content\/uploads\/2023\/09\/Birkely-017-landscape-scaled.jpg\u201d back_position=\u201dtop_center\u201d t\u0142o_vertical_offset=\u201d0%\u201d height=\u201d400px\u201d height_tablet=\u201d500px\u201d height_phone=\u201d 200px\u201d height_last_edited=\u201don|telefon\u201d niestandardowe_margin=\u201d||40px||false|false\u201d global_colors_info=\u201d{}\u201d][\/et_pb_divider][et_pb_text modu\u0142_class=\u201dsubheadtext\u201d _builder_version=\u201d4.22.1\u2033 _module_preset=\u201ddefault \u201d tekst_font=\u201d|600||na|||||\u201d text_text_color=\u201d#C43434\u2033 text_font_size=\u201d18px\u201d text_letter_spacing=\u201d2px\u201d text_line_height=\u201d1.2em\u201d header_4_font=\u201dKatamaran|700|||||||\u201d header_4_text_align=\u201dleft\u201d header_4_text_color=\u201d#f6642c\u201d niestandardowe_margin=\u201d0px||15px||false|false\u201d niestandardowe_padding=\u201d0px||0px||false|false\u201d animacja_direction=\u201dright\u201d tekst_font_size_tablet=\u201d18px\u201d tekst_font_size_phone=\u201d16px \u201d tekst_font_size_last_edited=\u201dna|pulpicie\u201d zablokowany=\u201dwy\u0142\u0105czony\u201d global_colors_info=\u201d{}\u201d]<\/p>\n<p>CZYTANIE I STAN ZDROWIA<\/p>\n<p>[\/et_pb_text][et_pb_text modu\u0142_klasa=\u201dtekst\u201d _builder_version=\u201d4.22.1\u2033 _module_preset=\u201ddomy\u015blny\u201d tekst_font=\u201d|||||||||\u201d text_text_color=\u201drgba(0,0,0,0.7)\u201d text_font_size=\u201d16px\u201d text_line_height=\u201d1.8em\u201d max_width=\u201d900px\u201d niestandardowe_margin=\u201d0px||33px||false|false\u201d niestandardowe_padding=\u201d0px||0px ||false|false\u201d global_colors_info=\u201d{}\u201d]<\/p>\n<p>W ten spos\u00f3b prze\u0142adowujemy tylko w\u0142asne \u015bwinie i mamy pe\u0142n\u0105 kontrol\u0119 nad tym, kiedy \u0142adowane s\u0105 \u015bwinie o r\u00f3\u017cnym statusie zdrowotnym. Zwykle zaczynamy od \u015bwi\u0144 o najwy\u017cszym stanie zdrowia w poniedzia\u0142ki. W ci\u0105gu tygodnia \u015bwinie s\u0105 zatem obci\u0105\u017cone pogarszaj\u0105cym si\u0119 stanem zdrowia. Pomi\u0119dzy ka\u017cdym prze\u0142adunkiem \u015bwi\u0144 rampy s\u0105 myte i dezynfekowane. Jednorazowo znajduj\u0105 si\u0119 stanowiska do mycia dla trzech ci\u0119\u017car\u00f3wek wraz ze sprz\u0119tem do dezynfekcji.<\/p>\n<p>Posiadamy r\u00f3wnie\u017c pomieszczenia do trzymania 750 \u015bwi\u0144 do max. 30 kg je\u017celi zachodzi potrzeba odpoczynku, patrz przepisy przewozowe lub w przypadku: awaria samochodu eksportowego.<\/p>\n<p>Nasze miejsce prze\u0142adunku, Birkely Eksportcenter, znajduje si\u0119 pod adresem Bask\u00e6rvej 19, DK-6040 Egtved.<\/p>\n<p>[\/et_pb_text][dsm_button przycisk_one_text=\u201d70 20 82 84\u2033 przycisk_one_url=\u201dtel:+4570208284\u2033 przycisk_two_text=\u201dSkontaktuj si\u0119 z nami\u201d Button_two_url=\u201d@ET-DC@eyJkeW5hbWljIjp0cnVlLCJjb250ZW50IjoicG9zdF9 saW5rX3VybF9wYWdlIiwic2V 0dGluZ3MiOnsicG9zdF9pZCI6IjI0OTY0NyJ9fQ==@\u201d _builder_version=\u201d4.22.2\u2033 _dynamic_attributes = \u201dbutton_two_url\u201d _module_preset=\u201ddefault\u201d niestandardowe_button_one=\u201don\u201d Button_one_text_size=\u201d15px\u201d Button_one_text_color=\u201d#FFFFFF\u201d Button_one_bg_color=\u201d#C43434\u2033 Button_one_border_width=\u201d2px\u201d Button_one_border_color=\u201d#C43434\u2033 Button_ one_border_radius=\u201d0px\u201d przycisk_one_letter_spa cing=\u201d1px\u201d przycisk_one_font= \u201d|600||w\u0142.|||||\u201d Button_one_icon=\u201d\uf095||fa||900\u2033 Button_one_on_hover=\u201doff\u201d Button_one_custom_padding=\u201d6px|60px|6px|40px|true|false\u201d niestandardowe_button_two=\u201don\u201d Button_two_text_size=\u201d15px\u201d Button_two_text_color=\u201d#231F20\u2033 Button_two_bg_color=\u201dRGBA (255,255,255,0)\u201d przycisk_two_border_width=\u201d2px\u201d przycisk_two_border_color=\u201d#C43434\u2033 przycisk_two_border_radius=\u201d0px\u201d przycisk_two_letter_spacing=\u201d1px\u201d przycisk_two_font=\u201d|600||on|||||\u201d przycisk_two_icon=\u201d\uf105||fa||900\u2033 przycisk_two_on_hover=\u201doff\u201d przycisk_two_custom_margin_tablet=\u201d\u201d przycisk_two_custom_margin_phone=\u201d|||0px|false|false\u201d Button_two_custom_margin_last_edited=\u201don|telefon\u201d Button_two_custom_padding=\u201d6px|50px|6px|40px| true|false\u201d zablokowany=\u201dwy\u0142\u0105czony\u201d global_colors_info=\u201d{}\u201d przycisk_one_letter_spacing__hover=\u201d1px\u201d przycisk_one_letter_spacing__hover_enabled=\u201dpo|najechaniu myszk\u0105\u201d Button_two_letter_spacing__hover=\u201d1px\u201d przycisk_two_letter_spacing__hover_enabled=\u201dpo najechaniu myszk\u0105\u201d przycisk_one_bg_color__hover_enabled=\u201dna|pulpicie \u201d Button_one_bg_color__hover= \u201e#B12F2F \u201d Button_one_bg_enable_color__hover=\u201don\u201d Button_one_border_color__hover_enabled=\u201dna|pulpicie\u201d Button_one_border_color__hover=\u201d#B12F2F\u201d Button_two_text_color__hover_enabled=\u201dna|pulpicie\u201d Button_two_text_color__hover=\u201d#FFFFFF\u201d Button_two_bg_color__hover_enabled= \u201don|pulpit\u201d przycisk_two_bg_color__hover ver=\u201d#C43434\u2033 przycisk_two_bg_enable_color__hover=\u201don\u201d][ \/ dsm_button][\/et_pb_column][\/et_pb_row][\/et_pb_section][et_pb_section fb_built=\u201d1\u2033custom_padding_last_edited=\u201doff|desktop\u201d _builder_version=\u201d4.22.2\u2033 _module_preset=\u201ddefault\u201d t\u0142o_enable_image=\u201doff\u201d t\u0142o_enable_video_mp4=\u201doff \u201d niestandardowe_margin=\u201d0px||0px||false|false\u201d niestandardowe_padding=\u201d90px||90px||true|false\u201d niestandardowe_padding_tablet=\u201d120px||0px||false|false\u201d niestandardowe_padding_phone=\u201d0px||0px||false | false\u201d hover_enabled=\u201d0\u2033 da_disable_devices=\u201doff|off|off\u201d zapisane_tabs=\u201dall\u201d zablokowane=\u201doff\u201d global_colors_info=\u201d{}\u201d t\u0142o_enable_color=\u201doff\u201d sticky_enabled=\u201d0\u2033 da_is_popup=\u201doff\u201d da_exit_intent= \u201d off\u201d da_has_close=\u201don\u201d da_alt_close=\u201doff\u201d da_dark_close=\u201doff\u201d da_not_modal=\u201don\u201d da_is_singular=\u201doff\u201d da_with_loader=\u201doff\u201d da_has_shadow=\u201don\u201d][et_pb_row use_custom_gutter=\u201don\u201d _builder_version=\u201d4.19 5\u2033 _module_preset=\u201ddefault\u201d szeroko\u015b\u0107=\u201d90%\u201d max_width=\u201d90%\u201dcustom_margin=\u201d0px||0px||true|false\u201dcustom_margin_tablet=\u201d0px||0px||false|false\u201dcustom_margin_phone=\u201d0px|| 0px ||false|false\u201d niestandardowe_margin_last_edited=\u201dna|telefonie\u201d niestandardowe_padding=\u201d0px||0px||true|false\u201d global_colors_info=\u201d{}\u201d][et_pb_column type=\u201d4_4\u2033 _builder_version=\u201d4.17.1\u2033 _module_preset= \u201d default\u201d global_colors_info=\u201d{}\u201d][et_pb_text module_class=\u201dsubheadtext\u201d _builder_version=\u201d4.22.1\u2033 _module_preset=\u201ddefault\u201d text_font=\u201d|600||on|||||\u201d text_text_color=\u201d#C43434\u2033 text_font_size=\u201d18px\u201d text_letter_spacing=\u201d2px\u201d text_line_height=\u201d1.2em\u201d header_4_font=\u201dKatamaran|700|||||||\u201d header_4_text_align=\u201dleft\u201d header_4_text_color=\u201d#f6642c\u201d niestandardowe_margin=\u201d0px||15px||false|false\u201d niestandardowe_padding=\u201d0px||0px||false|false\u201d animacja_direction=\u201dright\u201d tekst_font_size_tablet=\u201d18px\u201d tekst_font_size_phone=\u201d16px \u201d tekst_font_size_last_edited=\u201dna|pulpicie\u201d zablokowany=\u201dwy\u0142\u0105czony\u201d global_colors_info=\u201d{}\u201d]<\/p>\n<p><span>CODZIENNEGO WGL\u0104DU<\/span><\/p>\n<p>[\/et_pb_text][et_pb_text _builder_version=\u201d4.22.1\u2033 _module_preset=\u201ddefault\u201d text_font=\u201d|700|||||||\u201d text_text_color=\u201d#FFFFFF\u201d header_font=\u201dRaleway|700||on||||\u201d header_text_align=\u201dlewy\u201d header_text_color=\u201d#000000\u2033 header_font_size=\u201d64px\u201d header_line_height=\u201d1.2em\u201d header_2_font=\u201d||||||||\u201d header_2_text_align=\u201dlewy\u201d header_2_text_color=\u201d#231F20\u2033 header_2_font_size=\u201d42px\u201d header_2_line_height=\u201d1.2em\u201d niestandardowe_margin=\u201d0px||20px||false|false\u201d niestandardowe_padding=\u201d0px||0px||false|false\u201d animacja_direction=\u201d prawo\u201d header_font_size_tablet=\u201d48px\u201d header_font_size_phone=\u201d32px\u201d header_font_size_last_edited=\u201don|desktop\u201d header_2_font_size_tablet=\u201d48px\u201d header_2_font_size_phone=\u201d32px\u201d header_2_font_size_last_edited=\u201don|desktop\u201d zablokowany=\u201doff\u201d global_colors_info=\u201d{ }\u201d]<\/p>\n<h2 class=\"widget-title\">Zdj\u0119cia z \u017cycia codziennego<\/h2>\n<p>[\/et_pb_text] [dsm_image_carouselgaleria_ids = \u201d238138,23827,238228,238229,238230,238231,238232,238233 \u2033 Pr\u0119dko\u015b\u0107 =\u201d 12000 \u2033 Space_between = \u201d30\u00ab niesko\u0144czone_smooth_scrolling = \u201d\u2033 \u2033 na\u201e \u2033 \u2033 na DER_VERSION = \u201d 4.22.1 \u2033 _module_preset =\u201d default\u201dcustom_margin=\u201d0px||0px||true|false\u201dcustom_padding=\u201d0px||0px||true|false\u201d global_colors_info=\u201d{}\u201d][\/dsm_image_carousel][\/et_pb_column] [\/et_pb_row][\/et_pb_sekcja ]<\/p>","protected":false},"excerpt":{"rendered":"<p>PRZE\u0141ADUJEMY TYLKO W\u0141ASNE \u015aWINIE Centrum eksportowe OfertyTransport prosi\u0105tCentrum eksportoweSerwis SMS PE\u0141NA KONTROLAOddzielne centrum eksportowe do prze\u0142adunku prosi\u0105tTRANSWA\u0141 I STATUS ZDROWIADzi\u0119ki temu prze\u0142adowujemy tylko w\u0142asne \u015bwinie i mamy pe\u0142n\u0105 kontrol\u0119 nad tym kiedy \u0142adowane s\u0105 \u015bwinie o r\u00f3\u017cnym statusie zdrowotnym. Zwykle zaczynamy od \u015bwi\u0144 o najwy\u017cszym stanie zdrowia w poniedzia\u0142ki. W ci\u0105gu tygodnia \u015bwinie s\u0105 zatem obci\u0105\u017cone pogarszaj\u0105cym si\u0119 stanem zdrowia. Pomi\u0119dzy ka\u017cdym prze\u0142adunkiem \u015bwi\u0144 s\u0105 one myte [...]<\/p>","protected":false},"author":1,"featured_media":0,"parent":0,"menu_order":0,"comment_status":"closed","ping_status":"closed","template":"","meta":{"_et_pb_use_builder":"on","_et_pb_old_content":"","_et_gb_content_width":"","inline_featured_image":false,"footnotes":""},"class_list":["post-238255","page","type-page","status-publish","hentry"],"_links":{"self":[{"href":"https:\/\/porc-ex.dk\/pl\/wp-json\/wp\/v2\/pages\/238255","targetHints":{"allow":["GET"]}}],"collection":[{"href":"https:\/\/porc-ex.dk\/pl\/wp-json\/wp\/v2\/pages"}],"about":[{"href":"https:\/\/porc-ex.dk\/pl\/wp-json\/wp\/v2\/types\/page"}],"author":[{"embeddable":true,"href":"https:\/\/porc-ex.dk\/pl\/wp-json\/wp\/v2\/users\/1"}],"replies":[{"embeddable":true,"href":"https:\/\/porc-ex.dk\/pl\/wp-json\/wp\/v2\/comments?post=238255"}],"version-history":[{"count":6,"href":"https:\/\/porc-ex.dk\/pl\/wp-json\/wp\/v2\/pages\/238255\/revisions"}],"predecessor-version":[{"id":249667,"href":"https:\/\/porc-ex.dk\/pl\/wp-json\/wp\/v2\/pages\/238255\/revisions\/249667"}],"wp:attachment":[{"href":"https:\/\/porc-ex.dk\/pl\/wp-json\/wp\/v2\/media?parent=238255"}],"curies":[{"name":"wp","href":"https:\/\/api.w.org\/{rel}","templated":true}]}}